{"id":84,"date":"2013-07-17T10:41:02","date_gmt":"2013-07-17T09:41:02","guid":{"rendered":"http:\/\/www.tenerifehealer.com\/?page_id=84"},"modified":"2013-08-08T19:05:50","modified_gmt":"2013-08-08T18:05:50","slug":"curacion-grupo","status":"publish","type":"page","link":"http:\/\/www.tenerifehealer.com\/es\/curacion-grupo\/","title":{"rendered":"Curaci\u00f3n Grupo"},"content":{"rendered":"<p>Experimentar\u00a0 la sanaci\u00f3n del Cuerpo,\u00a0 Mente y Alma, con Marcel Hummel Internacional\u00a0 healer es increible!!\u00a0Marcel,\u00a0 naci\u00f3 con un don especial \u00e9 increible para sanar, incluyendo sanaciones grupales, privadas, y la sanaci\u00f3n a distancia con la foto, que trabaja con personas de todo el mundo.<\/p>\n<div id=\"attachment_206\" style=\"width: 310px\" class=\"wp-caption alignright\"><a href=\"http:\/\/www.tenerifehealer.com\/wp-content\/uploads\/2013\/07\/536008_283251631783334_2022118591_n2.jpg\"><img loading=\"lazy\" decoding=\"async\" aria-describedby=\"caption-attachment-206\" class=\"size-medium wp-image-206\" alt=\"Curaci\u00f3n Grupo\" src=\"http:\/\/www.tenerifehealer.com\/wp-content\/uploads\/2013\/07\/536008_283251631783334_2022118591_n2-480x319.jpg\" width=\"300\" height=\"199\" srcset=\"http:\/\/www.tenerifehealer.com\/wp-content\/uploads\/2013\/07\/536008_283251631783334_2022118591_n2-480x319.jpg 480w, http:\/\/www.tenerifehealer.com\/wp-content\/uploads\/2013\/07\/536008_283251631783334_2022118591_n2-680x451.jpg 680w, http:\/\/www.tenerifehealer.com\/wp-content\/uploads\/2013\/07\/536008_283251631783334_2022118591_n2-150x99.jpg 150w, http:\/\/www.tenerifehealer.com\/wp-content\/uploads\/2013\/07\/536008_283251631783334_2022118591_n2-310x206.jpg 310w, http:\/\/www.tenerifehealer.com\/wp-content\/uploads\/2013\/07\/536008_283251631783334_2022118591_n2-225x149.jpg 225w, http:\/\/www.tenerifehealer.com\/wp-content\/uploads\/2013\/07\/536008_283251631783334_2022118591_n2.jpg 960w\" sizes=\"auto, (max-width: 300px) 100vw, 300px\" \/><\/a><p id=\"caption-attachment-206\" class=\"wp-caption-text\">Curaci\u00f3n Grupo<\/p><\/div>\n<p>Sanacion grupal , es ideal para grupos de 3 personas o m\u00e1s, las sesiones se pueden organizar en su casa o en un centro comunitario local para grupos m\u00e1s grandes. Marcel iniciar\u00e1 la sesi\u00f3n con la limpieza del ambiente de otras energ\u00edas y luego llenar la habitaci\u00f3n con su energ\u00eda sanadora, esta energ\u00eda ser\u00e1 recibida por cada persona en la habitaci\u00f3n.<\/p>\n<p>Al participar en la curaci\u00f3n de grupo, debe estar relajado y abrirse ( la conciencia de la mente ) para recibir la energ\u00eda de Marcel.<\/p>\n<p>La energ\u00eda de Marcel se centrar\u00e1 en grupos m\u00e1s peque\u00f1os minimo 5 personas marcel caminara repartiendo\u00a0 su sanaci\u00f3n a medida que camina por la habitaci\u00f3n, y luego curaciones individuales pueden realizarse con normalidad pedira ayuda a un participante para que se quede de pie detr\u00e1s de la otra persona que esta recibiendo la sanaci\u00f3n de Marcel para apoyar si hubiera una ca\u00edda o desequilibrio de un impulso de energ\u00eda.<\/p>\n<p>Durante la curaci\u00f3n, es posible que se siente caliente, fr\u00edo, ver colores, ver destellos de luz, y el olor a perfume o las emociones pueden salir. No es importante que se siente o note algo. El proceso de curaci\u00f3n puede ser instant\u00e1nea o en el tiempo, por lo que durante los d\u00edas siguiente usted podra notar cambios en su cuerpo.<\/p>\n<p>No es necesario creer en la sanaci\u00f3n de Marcel, pero si conf\u00edar en \u00e9l, est\u00e1r m\u00e1s abierto para\u00a0 que su curaci\u00f3n sea m\u00e1s eficaz.<\/p>\n<p>La curaci\u00f3n que da Marcel va a trabajar dentro de su cuerpo entre los 2 y 5 d\u00edas, pero sobre todo depende de la intensidad de los problemas que tiene.<\/p>\n<p>La Curaci\u00f3n de Marcel siempre sana primero el \u00e1rea m\u00e1s importante de su problema. Por ejemplo, si ha visitado a Marcel porque tiene problemas estomacales, pero sus chakras est\u00e1n bloqueados, esto significa que su energ\u00eda del cuerpo est\u00e1 fuera de equilibrio, la curaci\u00f3n abrir\u00e1 sus chakras para equilibrarlos, despu\u00e9s Marcel continuara con el resto de\u00a0 los problemas. Si es necesario mas sesiones o not\u00e1ra que usted necesita urgentemente de la medicina tradicional se lo dir\u00e1\u00a0 inmediatamente.<\/p>\n<p>Despu\u00e9s de la curaci\u00f3n es posible que sus problemas se agraven, se trata de una reacci\u00f3n normal y puede tomar 2 d\u00edas para desaparecer, sin embargo, esta es una gran se\u00f1al de que su cuerpo se est\u00e1 curando.<\/p>\n<p><strong>IMPORTANTE: Se recomienda que se abstenga de beber alcohol, consumir ning\u00fan tipo de drogas durante 2 d\u00edas despu\u00e9s de la curaci\u00f3n.<\/strong><\/p>\n","protected":false},"excerpt":{"rendered":"<p>Experimentar\u00a0 la sanaci\u00f3n del Cuerpo,\u00a0 Mente y Alma, con Marcel Hummel Internacional\u00a0 healer es increible!!\u00a0Marcel,\u00a0 naci\u00f3 con un don especial \u00e9 increible para sanar, incluyendo sanaciones grupales, privadas, y la sanaci\u00f3n a distancia con la foto, que trabaja con personas de todo el mundo. Sanacion grupal , es ideal para grupos de 3 personas o [&hellip;]<\/p>\n","protected":false},"author":1,"featured_media":206,"parent":0,"menu_order":0,"comment_status":"open","ping_status":"open","template":"","meta":{"footnotes":""},"class_list":["post-84","page","type-page","status-publish","has-post-thumbnail","hentry"],"_links":{"self":[{"href":"http:\/\/www.tenerifehealer.com\/es\/wp-json\/wp\/v2\/pages\/84","targetHints":{"allow":["GET"]}}],"collection":[{"href":"http:\/\/www.tenerifehealer.com\/es\/wp-json\/wp\/v2\/pages"}],"about":[{"href":"http:\/\/www.tenerifehealer.com\/es\/wp-json\/wp\/v2\/types\/page"}],"author":[{"embeddable":true,"href":"http:\/\/www.tenerifehealer.com\/es\/wp-json\/wp\/v2\/users\/1"}],"replies":[{"embeddable":true,"href":"http:\/\/www.tenerifehealer.com\/es\/wp-json\/wp\/v2\/comments?post=84"}],"version-history":[{"count":5,"href":"http:\/\/www.tenerifehealer.com\/es\/wp-json\/wp\/v2\/pages\/84\/revisions"}],"predecessor-version":[{"id":208,"href":"http:\/\/www.tenerifehealer.com\/es\/wp-json\/wp\/v2\/pages\/84\/revisions\/208"}],"wp:featuredmedia":[{"embeddable":true,"href":"http:\/\/www.tenerifehealer.com\/es\/wp-json\/wp\/v2\/media\/206"}],"wp:attachment":[{"href":"http:\/\/www.tenerifehealer.com\/es\/wp-json\/wp\/v2\/media?parent=84"}],"curies":[{"name":"wp","href":"https:\/\/api.w.org\/{rel}","templated":true}]}}