{"id":80,"date":"2013-07-17T10:39:55","date_gmt":"2013-07-17T09:39:55","guid":{"rendered":"http:\/\/www.tenerifehealer.com\/?page_id=80"},"modified":"2013-08-08T18:23:44","modified_gmt":"2013-08-08T17:23:44","slug":"terapia-de-sanacion","status":"publish","type":"page","link":"http:\/\/www.tenerifehealer.com\/es\/terapia-de-sanacion\/","title":{"rendered":"Terapia de Sanaci\u00f3n"},"content":{"rendered":"<p>Experimentar\u00a0 la sanaci\u00f3n del Cuerpo,\u00a0 Mente y Alma, con Marcel Hummel Internacional\u00a0 healer es increible!!<br \/>\nMarcel,\u00a0 naci\u00f3 con un don especial \u00e9 increible para sanar, incluyendo sanaciones grupales, privadas, y la sanaci\u00f3n a distancia con la foto, que trabaja con personas de todo el mundo.<\/p>\n<div id=\"attachment_170\" style=\"width: 310px\" class=\"wp-caption alignright\"><a href=\"http:\/\/www.tenerifehealer.com\/wp-content\/uploads\/2013\/07\/P73100022.jpg\"><img loading=\"lazy\" decoding=\"async\" aria-describedby=\"caption-attachment-170\" class=\"size-medium wp-image-170\" alt=\"Terapia de sanaci\u00f3n\" src=\"http:\/\/www.tenerifehealer.com\/wp-content\/uploads\/2013\/07\/P73100022-480x360.jpg\" width=\"300\" height=\"225\" srcset=\"http:\/\/www.tenerifehealer.com\/wp-content\/uploads\/2013\/07\/P73100022-480x360.jpg 480w, http:\/\/www.tenerifehealer.com\/wp-content\/uploads\/2013\/07\/P73100022-150x112.jpg 150w, http:\/\/www.tenerifehealer.com\/wp-content\/uploads\/2013\/07\/P73100022-310x232.jpg 310w, http:\/\/www.tenerifehealer.com\/wp-content\/uploads\/2013\/07\/P73100022-225x168.jpg 225w, http:\/\/www.tenerifehealer.com\/wp-content\/uploads\/2013\/07\/P73100022.jpg 600w\" sizes=\"auto, (max-width: 300px) 100vw, 300px\" \/><\/a><p id=\"caption-attachment-170\" class=\"wp-caption-text\">Terapia de sanaci\u00f3n<\/p><\/div>\n<p class=\"wp-caption-dt\">Durante la curaci\u00f3n, es posible que se siente caliente, fr\u00edo, ver colores, ver destellos de luz, llorar, o sentir el olor a perfume y las emociones pueden salir. No es importante que se sienta o note algo, El proceso de curaci\u00f3n puede ser instant\u00e1nea o con el\u00a0 transcurso del tiempo, por lo que durante los d\u00edas siguientes usted podr\u00e1 notar cambios en su energ\u00eda y en su cuerpo, los dolores de la enfermedad o el problema se podr\u00e1 agudizar eso significa que esta reparando la parte mas importante del problema de su cuerpo, lo que esta causando los problemas\u00a0 y recuperandose\u00a0 a su balance normal.<\/p>\n<p>Estas sanaciones de Marcel lo hace sin &#8220;contacto f\u00edsico&#8221; No es necesario creer en la Sanaci\u00f3n de Marcel, pero si confiar en \u00e9l,\u00a0 as\u00ed ser\u00e1 m\u00e1s f\u00e1cil\u00a0 para que la curaci\u00f3n sea m\u00e1s eficaz.<br \/>\nLa Curaci\u00f3n de Marcel siempre sana el \u00e1rea m\u00e1s importante de su problema. Por ejemplo, si ha visitado a Marcel porque tiene problemas estomacales, pero sus chakras est\u00e1n bloqueados, esto significa que su energ\u00eda del cuerpo est\u00e1 fuera de equilibrio, la curaci\u00f3n abrir\u00e1 sus chakras para equilibrarlos, despu\u00e9s continuara Marcel con en el siguiente problema . Si es necesario m\u00e1s curaciones necesarias o necesita urgente de la medicina tradicional se lo dir\u00e1.<\/p>\n<p>La curaci\u00f3n que da Marcel va a trabajar dentro de su cuerpo entre los 2 y 5 d\u00edas, pero sobre todo depende de la intensidad de los problemas que tiene.<\/p>\n<p>Despu\u00e9s de la curaci\u00f3n es posible que sus problemas se agravan, se trata de una reacci\u00f3n normal y puede tomar 2 d\u00edas para desaparecer, sin embargo, esta es una gran se\u00f1al de que su cuerpo se est\u00e1 curando.<\/p>\n<p><strong>IMPORTANTE: Se recomienda que se abstenga de beber alcohol, consumir ning\u00fan tipo de drogas durante 2 d\u00edas despu\u00e9s de la curaci\u00f3n.<\/strong><\/p>\n","protected":false},"excerpt":{"rendered":"<p>Experimentar\u00a0 la sanaci\u00f3n del Cuerpo,\u00a0 Mente y Alma, con Marcel Hummel Internacional\u00a0 healer es increible!! Marcel,\u00a0 naci\u00f3 con un don especial \u00e9 increible para sanar, incluyendo sanaciones grupales, privadas, y la sanaci\u00f3n a distancia con la foto, que trabaja con personas de todo el mundo. Durante la curaci\u00f3n, es posible que se siente caliente, fr\u00edo, [&hellip;]<\/p>\n","protected":false},"author":1,"featured_media":170,"parent":0,"menu_order":0,"comment_status":"open","ping_status":"open","template":"","meta":{"footnotes":""},"class_list":["post-80","page","type-page","status-publish","has-post-thumbnail","hentry"],"_links":{"self":[{"href":"http:\/\/www.tenerifehealer.com\/es\/wp-json\/wp\/v2\/pages\/80","targetHints":{"allow":["GET"]}}],"collection":[{"href":"http:\/\/www.tenerifehealer.com\/es\/wp-json\/wp\/v2\/pages"}],"about":[{"href":"http:\/\/www.tenerifehealer.com\/es\/wp-json\/wp\/v2\/types\/page"}],"author":[{"embeddable":true,"href":"http:\/\/www.tenerifehealer.com\/es\/wp-json\/wp\/v2\/users\/1"}],"replies":[{"embeddable":true,"href":"http:\/\/www.tenerifehealer.com\/es\/wp-json\/wp\/v2\/comments?post=80"}],"version-history":[{"count":7,"href":"http:\/\/www.tenerifehealer.com\/es\/wp-json\/wp\/v2\/pages\/80\/revisions"}],"predecessor-version":[{"id":195,"href":"http:\/\/www.tenerifehealer.com\/es\/wp-json\/wp\/v2\/pages\/80\/revisions\/195"}],"wp:featuredmedia":[{"embeddable":true,"href":"http:\/\/www.tenerifehealer.com\/es\/wp-json\/wp\/v2\/media\/170"}],"wp:attachment":[{"href":"http:\/\/www.tenerifehealer.com\/es\/wp-json\/wp\/v2\/media?parent=80"}],"curies":[{"name":"wp","href":"https:\/\/api.w.org\/{rel}","templated":true}]}}