{"id":56,"date":"2013-07-10T11:54:25","date_gmt":"2013-07-10T10:54:25","guid":{"rendered":"http:\/\/www.tenerifehealer.com\/?page_id=56"},"modified":"2013-07-10T11:54:25","modified_gmt":"2013-07-10T10:54:25","slug":"marcel-hummel-2","status":"publish","type":"page","link":"http:\/\/www.tenerifehealer.com\/es\/marcel-hummel-2\/","title":{"rendered":"Marcel Hummel"},"content":{"rendered":"<h2>CURADOR CON MAS DE 25 A\u00d1OS DE EXPERIENCIA<\/h2>\n<p><b>Mucha gente le da un diferente nombre al trabajo de Marcel , en su tipo de curaci\u00f3n y para cada persona significa algo diferente.<\/b><\/p>\n<p>Marcel tiene un don inexplicable,  le podrian llamar sanaci\u00f3n energ\u00e9tica., algunos lo llaman un intuitivo m\u00e9dico, y es tambi\u00e9n  correcto, Marcel puede identificar los problemas m\u00e9dicos en el cuerpo y el enfocarlos y sanar esos problemas m\u00e9dicos. Pero aqu\u00ed es donde Marcel es diferente, que no pasa por alto o rebajar la importancia de las pr\u00e1cticas m\u00e9dicas est\u00e1ndar que se utiliza en conjunci\u00f3n con pr\u00e1cticas m\u00e9dicas alternativas.<\/p>\n<p>\u00c9l trabaja en el marco de la norma y las pr\u00e1cticas m\u00e9dicas alternativas con una sola excepci\u00f3n, y es que si est\u00e1n en contradicci\u00f3n entre s\u00ed. Marcel quiere sanar y ayudar a que ese es su regalo para el mundo. Otros lo llaman Marcel un sanador natural, y eso es correcto tambi\u00e9n, Marcel naci\u00f3 con estas capacidades y No practica la energ\u00eda curativa de Reiki, y el poder de la sugesti\u00f3n, que, sencillamente, cura tu cuerpo naturalmente agarrando la conciencia dentro de su cuerpo y dici\u00e9ndole a d\u00f3nde ir y qu\u00e9 hacer. Por ejemplo, en la curaci\u00f3n natural a trav\u00e9s de la conciencia del cuerpo que ha eliminado los tumores y redujo los niveles de az\u00facar en la sangre, y casi todos los diferentes problemas m\u00e9dicos, se puede quitar el dolor del cuerpo.<\/p>\n<div id=\"attachment_32\" style=\"width: 310px\" class=\"wp-caption alignright\"><a href=\"http:\/\/www.tenerifehealer.com\/wp-content\/uploads\/2013\/07\/marcel-hummel-healer-tenerife.jpg\"><img loading=\"lazy\" decoding=\"async\" aria-describedby=\"caption-attachment-32\" class=\"size-medium wp-image-32 \" alt=\"marcel-hummel-healer-tenerife\" src=\"http:\/\/www.tenerifehealer.com\/wp-content\/uploads\/2013\/07\/marcel-hummel-healer-tenerife-480x360.jpg\" width=\"300\" height=\"225\" srcset=\"http:\/\/www.tenerifehealer.com\/wp-content\/uploads\/2013\/07\/marcel-hummel-healer-tenerife-480x360.jpg 480w, http:\/\/www.tenerifehealer.com\/wp-content\/uploads\/2013\/07\/marcel-hummel-healer-tenerife-680x510.jpg 680w, http:\/\/www.tenerifehealer.com\/wp-content\/uploads\/2013\/07\/marcel-hummel-healer-tenerife-150x112.jpg 150w, http:\/\/www.tenerifehealer.com\/wp-content\/uploads\/2013\/07\/marcel-hummel-healer-tenerife-310x232.jpg 310w, http:\/\/www.tenerifehealer.com\/wp-content\/uploads\/2013\/07\/marcel-hummel-healer-tenerife-225x168.jpg 225w, http:\/\/www.tenerifehealer.com\/wp-content\/uploads\/2013\/07\/marcel-hummel-healer-tenerife.jpg 800w\" sizes=\"auto, (max-width: 300px) 100vw, 300px\" \/><\/a><p id=\"caption-attachment-32\" class=\"wp-caption-text\">Marcel can pinpoint medical issues in the body and focus and heal them<\/p><\/div>\n<p>La parte m\u00e1s sorprendente acerca de Marcel , es que \u00e9l es un sanador  &#8220;a Distancia&#8221; no es necesario visitar Marcel en su pr\u00e1ctica, cuando eso no es posible para ti, todo lo que necesita es una foto y \u00e9l es inmediatamente conectado con usted, en cualquier parte del mundo. Incluso sobre la foto, se siente la conexi\u00f3n instant\u00e1nea. Marcel  se concentrara en su foto  intuyendo su cuerpo y su camino de sanaci\u00f3n desde el momento de iniciar la fotosanaci\u00f3n Del  mismo modo, se puede limpiar su cuerpo y curarlo sobre la foto a partir de la primera sesi\u00f3n.<\/p>\n<p>Marcel tambi\u00e9n devuelve la esperanza. La esperanza es una emoci\u00f3n poderosa y tiene enormes propiedades curativas. Muchos de los que vienen a este sitio han tenido sus esperanzas destruidas y ahora son vigiladas de la esperanza  y Restaurandola.  \u00c9l cree que siempre hay una raz\u00f3n para la esperanza y todas las cosas son posibles, incluyendo el alivio de su dolor y curar su enfermedad.<\/p>\n<p><b>Programe su sesi\u00f3n de sanaci\u00f3n con Marcel hoy!<\/b><\/p>\n","protected":false},"excerpt":{"rendered":"<p>CURADOR CON MAS DE 25 A\u00d1OS DE EXPERIENCIA Mucha gente le da un diferente nombre al trabajo de Marcel , en su tipo de curaci\u00f3n y para cada persona significa algo diferente. Marcel tiene un don inexplicable, le podrian llamar sanaci\u00f3n energ\u00e9tica., algunos lo llaman un intuitivo m\u00e9dico, y es tambi\u00e9n correcto, Marcel puede identificar [&hellip;]<\/p>\n","protected":false},"author":1,"featured_media":0,"parent":0,"menu_order":0,"comment_status":"open","ping_status":"open","template":"","meta":{"footnotes":""},"class_list":["post-56","page","type-page","status-publish","hentry"],"_links":{"self":[{"href":"http:\/\/www.tenerifehealer.com\/es\/wp-json\/wp\/v2\/pages\/56","targetHints":{"allow":["GET"]}}],"collection":[{"href":"http:\/\/www.tenerifehealer.com\/es\/wp-json\/wp\/v2\/pages"}],"about":[{"href":"http:\/\/www.tenerifehealer.com\/es\/wp-json\/wp\/v2\/types\/page"}],"author":[{"embeddable":true,"href":"http:\/\/www.tenerifehealer.com\/es\/wp-json\/wp\/v2\/users\/1"}],"replies":[{"embeddable":true,"href":"http:\/\/www.tenerifehealer.com\/es\/wp-json\/wp\/v2\/comments?post=56"}],"version-history":[{"count":1,"href":"http:\/\/www.tenerifehealer.com\/es\/wp-json\/wp\/v2\/pages\/56\/revisions"}],"predecessor-version":[{"id":57,"href":"http:\/\/www.tenerifehealer.com\/es\/wp-json\/wp\/v2\/pages\/56\/revisions\/57"}],"wp:attachment":[{"href":"http:\/\/www.tenerifehealer.com\/es\/wp-json\/wp\/v2\/media?parent=56"}],"curies":[{"name":"wp","href":"https:\/\/api.w.org\/{rel}","templated":true}]}}