{"id":76,"date":"2013-07-17T10:33:37","date_gmt":"2013-07-17T09:33:37","guid":{"rendered":"http:\/\/www.tenerifehealer.com\/?page_id=76"},"modified":"2021-06-23T19:25:14","modified_gmt":"2021-06-23T18:25:14","slug":"planen-sie-ihre-heilsitzung","status":"publish","type":"page","link":"http:\/\/www.tenerifehealer.com\/de\/planen-sie-ihre-heilsitzung\/","title":{"rendered":"Planen Sie Ihre Heilsitzung"},"content":{"rendered":"<h2><\/h2>\n<p>Arona.<br \/>\nTeneriffa. Kanarischen Inseln. Spanien.<\/p>\n<p><strong>BEACHTUNG<\/strong><br \/>\nAufgrund der gro\u00dfen Anzahl an Fotoheilungen, die ich w\u00f6chentlich machen muss, ist es leider nicht mehr m\u00f6glich Menschen in meiner Praxis f\u00fcr 1 zu 1 Heilsitzungen zu empfangen.<br \/>\nLeider ist eine Kombination nicht mehr m\u00f6glich, daher habe ich beschlossen, meine Praxis auf unbestimmte Zeit zu schlie\u00dfen.<br \/>\nSollte sich dies in Zukunft \u00e4ndern, wird dies hier angegeben.<br \/>\nBei Fragen k\u00f6nnen Sie sich nat\u00fcrlich jederzeit schriftlich an mich wenden.<\/p>\n<p>Mit freundlichen Gr\u00fc\u00dfen<br \/>\nMarcel<\/p>\n<p><b>Tel:<\/b> Englisch &#8211; Deutsch &#8211; N.L<br \/>\n0034 645024625<\/p>\n<div>Aufgrund meines vollen Arbeitsplans ist es sehr schwierig, mich telefonisch zu erreichen.<\/div>\n<div>Bei Fragen zur Heilung ziehe ich es vor, dass Sie mich in einer schriftlichen Nachricht kontaktieren \u00fcber:<\/div>\n<div><\/div>\n<div><strong>-Whatsapp<\/strong>: Tel.-Nr. 0034 645024625<\/div>\n<div><\/div>\n<div><strong>-Facebook-Messenger<\/strong>: Marcel Hummel Heiler<\/div>\n<div><\/div>\n<div><strong>-E-Mail<\/strong>: marcelhealer@gmail.com<\/div>\n<div><\/div>\n<div>Ich antworte Ihnen dann so schnell wie m\u00f6glich.<\/div>\n<div>Vielen Dank.<\/div>\n","protected":false},"excerpt":{"rendered":"<p>Arona. Teneriffa. Kanarischen Inseln. Spanien. BEACHTUNG Aufgrund der gro\u00dfen Anzahl an Fotoheilungen, die ich w\u00f6chentlich machen muss, ist es leider nicht mehr m\u00f6glich Menschen in meiner Praxis f\u00fcr 1 zu 1 Heilsitzungen zu empfangen. Leider ist eine Kombination nicht mehr m\u00f6glich, daher habe ich beschlossen, meine Praxis auf unbestimmte Zeit zu schlie\u00dfen. Sollte sich dies [&hellip;]<\/p>\n","protected":false},"author":1,"featured_media":0,"parent":0,"menu_order":0,"comment_status":"open","ping_status":"open","template":"template-contact.php","meta":{"footnotes":""},"class_list":["post-76","page","type-page","status-publish","hentry"],"_links":{"self":[{"href":"http:\/\/www.tenerifehealer.com\/de\/wp-json\/wp\/v2\/pages\/76","targetHints":{"allow":["GET"]}}],"collection":[{"href":"http:\/\/www.tenerifehealer.com\/de\/wp-json\/wp\/v2\/pages"}],"about":[{"href":"http:\/\/www.tenerifehealer.com\/de\/wp-json\/wp\/v2\/types\/page"}],"author":[{"embeddable":true,"href":"http:\/\/www.tenerifehealer.com\/de\/wp-json\/wp\/v2\/users\/1"}],"replies":[{"embeddable":true,"href":"http:\/\/www.tenerifehealer.com\/de\/wp-json\/wp\/v2\/comments?post=76"}],"version-history":[{"count":10,"href":"http:\/\/www.tenerifehealer.com\/de\/wp-json\/wp\/v2\/pages\/76\/revisions"}],"predecessor-version":[{"id":443,"href":"http:\/\/www.tenerifehealer.com\/de\/wp-json\/wp\/v2\/pages\/76\/revisions\/443"}],"wp:attachment":[{"href":"http:\/\/www.tenerifehealer.com\/de\/wp-json\/wp\/v2\/media?parent=76"}],"curies":[{"name":"wp","href":"https:\/\/api.w.org\/{rel}","templated":true}]}}