{"id":68,"date":"2013-07-17T10:19:15","date_gmt":"2013-07-17T09:19:15","guid":{"rendered":"http:\/\/www.tenerifehealer.com\/?page_id=68"},"modified":"2013-08-09T13:58:27","modified_gmt":"2013-08-09T12:58:27","slug":"elektromagnetische-stralungen","status":"publish","type":"page","link":"http:\/\/www.tenerifehealer.com\/de\/elektromagnetische-stralungen\/","title":{"rendered":"Elektromagnetische Stralungen"},"content":{"rendered":"<h2>WISSEN SIE, WARUM SIE KRANK SIND?<\/h2>\n<p><strong>Elektromagnetische Stralungen und Wasseradern k\u00f6nnen\u00a0 Ursache ungeahnter Krankheiten sein.<\/strong><\/p>\n<div id=\"attachment_215\" style=\"width: 160px\" class=\"wp-caption alignright\"><a href=\"http:\/\/www.tenerifehealer.com\/wp-content\/uploads\/2013\/07\/image0011.jpg\"><img loading=\"lazy\" decoding=\"async\" aria-describedby=\"caption-attachment-215\" class=\"size-thumbnail wp-image-215\" alt=\"Elektromagnetische Stralungen\" src=\"http:\/\/www.tenerifehealer.com\/wp-content\/uploads\/2013\/07\/image0011-150x150.jpg\" width=\"150\" height=\"150\" \/><\/a><p id=\"caption-attachment-215\" class=\"wp-caption-text\">Elektromagnetische Stralungen<\/p><\/div>\n<p>Mit Hilfe meiner Intuition und meiner Ausbildung als Heiler bin ich in der Lage St\u00f6rfelder mit Hilfe meines Pendels aufzusp\u00fcren und zu eliminieren.<\/p>\n<p>Dr. Hartman ( der die St\u00f6rfelder entdeckt hat) hat mehr als 5000 Orte und Pl\u00e4tze an denen vermehrt Menschen an Krebs erkrankt sind, getestet und\u00a0 fand die Ursache in den von den Wasseradern verursachten sch\u00e4dlichen Strahlungen, welche das Imunsystem sehr stark schw\u00e4chen. Krankheitserreger, Viren und Bakteri\u00ebn k\u00f3nnen sich vermehren.<\/p>\n","protected":false},"excerpt":{"rendered":"<p>WISSEN SIE, WARUM SIE KRANK SIND? Elektromagnetische Stralungen und Wasseradern k\u00f6nnen\u00a0 Ursache ungeahnter Krankheiten sein. Mit Hilfe meiner Intuition und meiner Ausbildung als Heiler bin ich in der Lage St\u00f6rfelder mit Hilfe meines Pendels aufzusp\u00fcren und zu eliminieren. Dr. Hartman ( der die St\u00f6rfelder entdeckt hat) hat mehr als 5000 Orte und Pl\u00e4tze an denen [&hellip;]<\/p>\n","protected":false},"author":1,"featured_media":215,"parent":0,"menu_order":0,"comment_status":"open","ping_status":"open","template":"","meta":{"footnotes":""},"class_list":["post-68","page","type-page","status-publish","has-post-thumbnail","hentry"],"_links":{"self":[{"href":"http:\/\/www.tenerifehealer.com\/de\/wp-json\/wp\/v2\/pages\/68","targetHints":{"allow":["GET"]}}],"collection":[{"href":"http:\/\/www.tenerifehealer.com\/de\/wp-json\/wp\/v2\/pages"}],"about":[{"href":"http:\/\/www.tenerifehealer.com\/de\/wp-json\/wp\/v2\/types\/page"}],"author":[{"embeddable":true,"href":"http:\/\/www.tenerifehealer.com\/de\/wp-json\/wp\/v2\/users\/1"}],"replies":[{"embeddable":true,"href":"http:\/\/www.tenerifehealer.com\/de\/wp-json\/wp\/v2\/comments?post=68"}],"version-history":[{"count":7,"href":"http:\/\/www.tenerifehealer.com\/de\/wp-json\/wp\/v2\/pages\/68\/revisions"}],"predecessor-version":[{"id":216,"href":"http:\/\/www.tenerifehealer.com\/de\/wp-json\/wp\/v2\/pages\/68\/revisions\/216"}],"wp:featuredmedia":[{"embeddable":true,"href":"http:\/\/www.tenerifehealer.com\/de\/wp-json\/wp\/v2\/media\/215"}],"wp:attachment":[{"href":"http:\/\/www.tenerifehealer.com\/de\/wp-json\/wp\/v2\/media?parent=68"}],"curies":[{"name":"wp","href":"https:\/\/api.w.org\/{rel}","templated":true}]}}