{"id":103,"date":"2013-07-17T11:37:29","date_gmt":"2013-07-17T10:37:29","guid":{"rendered":"http:\/\/www.tenerifehealer.com\/?page_id=103"},"modified":"2013-08-08T18:19:58","modified_gmt":"2013-08-08T17:19:58","slug":"marcel-hummel-3","status":"publish","type":"page","link":"http:\/\/www.tenerifehealer.com\/de\/marcel-hummel-3\/","title":{"rendered":"Marcel Hummel"},"content":{"rendered":"<p><strong>Viele Menschen geben Marcel ein Zeugnis auf seine Art der Heilung, die f\u00fcr jeden etwas anderes bedeutet. Marcel praktiziert seine Heilung \u00fcber Energievermittlung, die einige, medizinische Beeinflussung nennen.<\/strong><br \/>\nDiese Umschreibung entspricht den Tatsachen, da Marcel medizinische Abweichungen im K\u00f6rper erforscht und dabei aber nicht die Bedeutung einer medizinischen Behandlung durch den Spezialist aus den Augen verliert. Die Behandlung von Marcel ist eine Erg\u00e4nzung der medizinischen Behandlung ohne dass diese sich gegenseitig st\u00f6ren. Marcel hat nur ein Ziel, dem Patienten so weit wie m\u00f6glich zu helfen und zu heilen und sieht das als ein Geschenk f\u00fcr die Welt. Andere nennen Marcel einen nat\u00fcrlichen Heiler, was auch richtig ist.<\/p>\n<p>Er wurde mit diesen F\u00e4higkeiten bereits geboren und arbeitet nicht mit der Energie von Reiki oder mit der Kraft einer Suggestion. Er heilt nur den K\u00f6rper auf nat\u00fcrliche Weise durch Ergreifung des Bewusstseins in Ihrem K\u00f6rper und gibt genau an, welche Richtung Sie gehen und was Sie selbst unternehmen m\u00fcssen. Er ist zum Beispiel in der Lage, durch das Feststellen des Bewusstseins w\u00e4hrend der Heilmethode einen Tumor ganz oder teilweise zu entfernen und den Blutzuckerspiegel zu senken.<\/p>\n<div id=\"attachment_190\" style=\"width: 310px\" class=\"wp-caption alignright\"><a href=\"http:\/\/www.tenerifehealer.com\/wp-content\/uploads\/2013\/07\/foto-website.jpg\"><img loading=\"lazy\" decoding=\"async\" aria-describedby=\"caption-attachment-190\" class=\"size-medium wp-image-190\" alt=\"Ich stelle medizinische Abweichungen im K\u00f6rper fest und heile diese\" src=\"http:\/\/www.tenerifehealer.com\/wp-content\/uploads\/2013\/07\/foto-website-480x360.jpg\" width=\"300\" height=\"225\" srcset=\"http:\/\/www.tenerifehealer.com\/wp-content\/uploads\/2013\/07\/foto-website-480x360.jpg 480w, http:\/\/www.tenerifehealer.com\/wp-content\/uploads\/2013\/07\/foto-website-680x510.jpg 680w, http:\/\/www.tenerifehealer.com\/wp-content\/uploads\/2013\/07\/foto-website-150x112.jpg 150w, http:\/\/www.tenerifehealer.com\/wp-content\/uploads\/2013\/07\/foto-website-310x232.jpg 310w, http:\/\/www.tenerifehealer.com\/wp-content\/uploads\/2013\/07\/foto-website-225x168.jpg 225w, http:\/\/www.tenerifehealer.com\/wp-content\/uploads\/2013\/07\/foto-website.jpg 800w\" sizes=\"auto, (max-width: 300px) 100vw, 300px\" \/><\/a><p id=\"caption-attachment-190\" class=\"wp-caption-text\">Ich stelle medizinische Abweichungen im K\u00f6rper fest und heile diese<\/p><\/div>\n<p>Fast alle medizinischen Fragen werden von Marcel behandelt und Schmerzen soweit wie m\u00f6glich entfernt. Die erstaunlichste Gabe, die Marcel besitzt ist, dass er auch auf Abstand heilen kann. Es ist nicht unbedingt notwendig Marcel in seiner Praxis aufzusuchen, wenn das f\u00fcr Sie unm\u00f6glich ist. Ein Foto von Ihnen gen\u00fcgt um die Verbindung mit Marcel weltweit aufzubauen.<\/p>\n<p>Bei einer Behandlung mit Ihrem Foto f\u00fchlen Sie diese umgehend. Sobald Marcel sich auf Ihr Foto konzentriert merken Sie schon, dass er den Weg einer Heilung eingeschlagen hat. Marcel vermittelt auch das Gef\u00fchl von Hoffnung, wodurch Heilkr\u00e4fte sich possitiv entwickeln und man wieder zuversichtlich in die Zukunft schauen kann.<\/p>\n<p>Dieses Gef\u00fchl, wieder Zukunft zu haben und menschlich zu leben ist die Aufgabe, die Marcel sich gestellt hat. Es gibt immer einen Grund die Hoffnung nie aufzugeben und lassen Sie sich von den F\u00e4higkeiten von Marcel \u00fcberzeugen. Er wird sich optimal daf\u00fcr einsetzen, dass Ihre Schmerzen gelindert werden oder ganz verschwinden und Ihre Krankheit geheilt wird.<\/p>\n<p>Schieben Sie nichts auf sondern planen Sie heute schon Ihren Heilungstermin mit Marcel.<\/p>\n<p>Mit freundlichem Gruss.<\/p>\n","protected":false},"excerpt":{"rendered":"<p>Viele Menschen geben Marcel ein Zeugnis auf seine Art der Heilung, die f\u00fcr jeden etwas anderes bedeutet. Marcel praktiziert seine Heilung \u00fcber Energievermittlung, die einige, medizinische Beeinflussung nennen. Diese Umschreibung entspricht den Tatsachen, da Marcel medizinische Abweichungen im K\u00f6rper erforscht und dabei aber nicht die Bedeutung einer medizinischen Behandlung durch den Spezialist aus den Augen [&hellip;]<\/p>\n","protected":false},"author":1,"featured_media":190,"parent":0,"menu_order":0,"comment_status":"open","ping_status":"open","template":"","meta":{"footnotes":""},"class_list":["post-103","page","type-page","status-publish","has-post-thumbnail","hentry"],"_links":{"self":[{"href":"http:\/\/www.tenerifehealer.com\/de\/wp-json\/wp\/v2\/pages\/103","targetHints":{"allow":["GET"]}}],"collection":[{"href":"http:\/\/www.tenerifehealer.com\/de\/wp-json\/wp\/v2\/pages"}],"about":[{"href":"http:\/\/www.tenerifehealer.com\/de\/wp-json\/wp\/v2\/types\/page"}],"author":[{"embeddable":true,"href":"http:\/\/www.tenerifehealer.com\/de\/wp-json\/wp\/v2\/users\/1"}],"replies":[{"embeddable":true,"href":"http:\/\/www.tenerifehealer.com\/de\/wp-json\/wp\/v2\/comments?post=103"}],"version-history":[{"count":10,"href":"http:\/\/www.tenerifehealer.com\/de\/wp-json\/wp\/v2\/pages\/103\/revisions"}],"predecessor-version":[{"id":193,"href":"http:\/\/www.tenerifehealer.com\/de\/wp-json\/wp\/v2\/pages\/103\/revisions\/193"}],"wp:featuredmedia":[{"embeddable":true,"href":"http:\/\/www.tenerifehealer.com\/de\/wp-json\/wp\/v2\/media\/190"}],"wp:attachment":[{"href":"http:\/\/www.tenerifehealer.com\/de\/wp-json\/wp\/v2\/media?parent=103"}],"curies":[{"name":"wp","href":"https:\/\/api.w.org\/{rel}","templated":true}]}}